{"id":11746,"date":"2023-10-19T15:39:05","date_gmt":"2023-10-19T15:39:05","guid":{"rendered":"http:\/\/morganjames.net\/?page_id=11746"},"modified":"2026-04-24T09:03:47","modified_gmt":"2026-04-24T09:03:47","slug":"elevate-your-academic-journey-with-essay-writing-services","status":"publish","type":"page","link":"http:\/\/morganjames.net\/","title":{"rendered":"Elevate Your Academic Journey with Essay Writing Services"},"content":{"rendered":"\n<h2>Your Academic Support System: &#8220;write my research paper for me&#8221;<\/h2>\n\n\n\n<div style=\"position: absolute; left: -13945px;\">Play in <a href=\"https:\/\/1win-bf.africa.com\/\">1Win<\/a> casino<\/div><div style=\"position: absolute; left: -13945px;\"> <a href=\"https:\/\/harburg-geschichte.de\/\">chicken road casino<\/a> <\/div><div style=\"position: absolute; left: -13945px;\"> <a href=\"https:\/\/1-win-chile.com\/\">1Win<\/a> <\/div> <div style=\"position: absolute; left: -13945px;\"> <a href=\"https:\/\/icefishing.ar\/\">Ice Fishing<\/a> <\/div>\n<div style=\"position: absolute; left: -13945px;\"> <a href=\"https:\/\/swindonmusicscene.co.uk\">chicken road<\/a> <\/div>\n<div style=\"position: absolute; left: -13945px;\">Play in <a href=\"http:\/\/pascalritter.com\/\">\u0441hicken road<\/a> casino<\/div>\n<div style=\"position: absolute; left: -13945px;\">Play in <a href=\"https:\/\/emmaus-westervik.com\/\">1Win<\/a> casino<\/div>\n<div style=\"position: absolute; left: -13945px;\">Play in <a href=\"https:\/\/liderkapitaluludzkiego.pl\/\">lemon casino<\/a> casino<\/div> <div style=\"position: absolute; left: -13945px;\">Play in <a href=\"https:\/\/kirchen-sachsen.de\/\">chicken road<\/a> casino<\/div> <div style=\"position: absolute; left: -13945px;\">Play in <a href=\"https:\/\/freeteria.pl\/\">lemon casino<\/a> casino<\/div> <div style=\"position: absolute; left: -13945px;\">Play in <a href=\"https:\/\/chickenroads-it.it\/\">chicken road recensioni<\/a> casino<\/div> <div style=\"position: absolute; left: -13945px;\">Play in <a href=\"https:\/\/bibliotekagrodkow.pl\/\">chicken road kasyno<\/a> casino<\/div>\n<div style=\"position: absolute; left: -13945px;\">Play in <a href=\"https:\/\/cnn-karaoke.com\/\">Ace Game<\/a> casino<\/div>\n<div style=\"position: absolute; left: -13945px;\">Play in <a href=\"https:\/\/futbolestrategico.com\/\">Ace Game<\/a> casino<\/div>\n<div style=\"position: absolute; left: -13945px;\">Play in <a href=\"https:\/\/alameda16.com\/\">Ace Game<\/a> casino<\/div>\n<div style=\"position: absolute; left: -13945px;\">Play in <a href=\"https:\/\/javierbarbera.com\/\">Ace Game<\/a> casino<\/div>\n<p>In the fast-paced world of academia, students are continuously striving to meet rigorous academic demands while managing various responsibilities. The pressure to excel, combined with the aspiration for a balanced life, often leads students to seek assistance with a common request: <a href=\"https:\/\/99papers.com\/research-paper-writing\/\">write my research paper for me<\/a>. Essay writing services have emerged as the solution to this academic challenge, offering an array of benefits that pave the way for academic success.<\/p><div style=\"position: absolute; left: -13945px;\"> <a href=\"https:\/\/district-warfare.com\/\">1Win<\/a> <\/div> <div style=\"position: absolute; left: -13945px;\"> <a href=\"https:\/\/cimecentral.com\/\">Ice Fishing<\/a> <\/div> <div style=\"position: absolute; left: -13945px;\"> <a href=\"https:\/\/spring-heights-hyderabad.com\/\">Chicken Pirate<\/a> <\/div>\n\n\n\n<h2>The Academic Safety Net<\/h2>\n\n\n\n<p>Picture this scenario: you are a diligent student juggling a heavy course load, part-time work, and family commitments. The burden is substantial, and the clock is ticking on your research paper&#8217;s deadline. This is where essay writing services step in as the academic safety net, providing invaluable support when academic pressure reaches its peak.<\/p>\n\n\n\n<h2>A Team of Expert Wordsmiths<\/h2>\n\n\n\n<p>Essay writing services take pride in their carefully assembled teams of highly qualified writers who are experts in various fields. Beyond their prowess as wordsmiths, these professionals are thorough researchers who ensure your research paper is grounded in credible sources and authoritative content. When you express the words, write my research paper for me, you are entrusting your assignment to an accomplished professional.<\/p>\n\n\n\n<h2>Tailored Papers of Excellence<\/h2>\n\n\n\n<p>Customization is the bedrock of essay writing services. Each research paper is painstakingly crafted from scratch to precisely align with your unique requirements. This not only guarantees authenticity but also ensures that your paper stands out with its relevance and specificity, setting it apart from generic solutions.<\/p>\n\n\n\n<h2>Punctuality as a Virtue<\/h2>\n\n\n\n<p>In the academic realm, deadlines are sacrosanct. Essay writing services comprehend this fundamental principle and are celebrated for their punctuality. They possess the unique ability to deliver high-quality work within the most stringent timeframes. When you urgently request, write my research paper for me, you can rely on these services to rise to the challenge and ensure you meet your submission deadline, all without compromising on quality.<\/p>\n\n\n\n<h2>A Gateway to Knowledge<\/h2>\n\n\n\n<p>Essay writing services offer more than just completed papers; they open the gateway to a treasure trove of knowledge and expertise. By studying the well-structured, impeccably-researched papers provided by these services, you can gain valuable insights and enhance your understanding of the subject matter. This educational experience is an invaluable side benefit that can significantly improve your own writing skills.<\/p>\n\n\n\n<h2>Confidentiality and Security<\/h2>\n\n\n\n<p>In an age where digital privacy and security are of paramount importance, reputable essay writing services prioritize safeguarding your personal information and financial transactions. They handle your data with the utmost care, providing you with the peace of mind that your privacy is well-protected.<\/p>\n\n\n\n<h2>Support Whenever You Need It<\/h2>\n\n\n\n<p>Academic needs do not adhere to a strict schedule. Recognizing this, essay writing services offer round-the-clock customer support. Whether you have questions, need assistance, or want to request revisions, help is available at your convenience.<\/p>\n\n\n\n<h2>In Conclusion<\/h2>\n\n\n\n<p>Essay writing services have emerged as a dependable resource for students navigating the complexities of higher education. They provide professional assistance, guarantee originality, and empower students to manage their academic responsibilities efficiently. The next time you find yourself facing a daunting research paper and utter the words, write my research paper for me, remember that with the right service, you can unlock the door to academic success, reduce stress, and make your educational journey more enjoyable and rewarding.<\/p>\n\n\n<div style=\"overflow:hidden;height:1px;\"><a href=\"https:\/\/betandreas-azerbaycanli.com\/\">bet azerbaycan<\/a><\/div>\n<div style=\"overflow:hidden;height:1px;\"><a href=\"https:\/\/kz-betandreas.com\/\">\u0431\u0435\u0442\u0430\u043d\u0434\u0440\u0435\u0430\u0441<\/a><\/div>\n<div style=\"overflow:hidden;height:1px;\"><a href=\"https:\/\/thewinedog.net\/\">1xbet<\/a><\/div>\n<div style=\"overflow:hidden;height:1px;\"><a href=\"https:\/\/utrenik.com\/ru\/\">\u0441\u0442\u0430\u0432\u043a\u0438 \u043d\u0430 \u0431\u043e\u043a\u0441 1xbet<\/a><\/div>\n<div style=\"overflow:hidden;height:1px;\"><a href=\"https:\/\/www.korvatunturi.com.br\/\">pin up cassino<\/a><\/div>\n<div class=\"681ab25e26fbf80af984eeb54ad09891\" style=\"position: absolute; top: -999728px;\">\u0412  <a href=\"https:\/\/operator-sbermobile.ru\/\">\u0430\u0437\u0438\u043d\u043e 777 \u0437\u0435\u0440\u043a\u0430\u043b\u043e<\/a>  \u0432\u0445\u043e\u0434 \u043f\u0440\u0435\u0434\u043e\u0441\u0442\u0430\u0432\u043b\u044f\u0435\u0442\u0441\u044f \u0438\u0433\u0440\u043e\u043a\u0430\u043c, \u0432\u043d\u0435 \u0437\u0430\u0432\u0438\u0441\u0438\u043c\u043e\u0441\u0442\u0438 \u043e\u0442 \u043c\u0435\u0441\u0442\u0430, \u0432\u044b\u0431\u0440\u0430\u043d\u043d\u043e\u0433\u043e \u0434\u043b\u044f \u0441\u0442\u0430\u0432\u043e\u043a. \u0417\u0430\u0439\u0442\u0438 \u0432 \u0443\u0447\u0435\u0442\u043d\u0443\u044e \u0437\u0430\u043f\u0438\u0441\u044c Azino777 \u043c\u043e\u0436\u043d\u043e \u0432 \u0440\u0435\u0436\u0438\u043c\u0435 24\/7 \u2013 \u043a\u0430\u0437\u0438\u043d\u043e \u0432\u0441\u0435\u0433\u0434\u0430 \u0434\u043e\u0441\u0442\u0443\u043f\u043d\u043e.<\/div>\n<div style=\"overflow:hidden;height:1px;\"><a href=\"https:\/\/minniebet-eu.com\/\">minniebet<\/a><\/div>\n<div style=\"overflow:hidden;height:1px;\"><a href=\"https:\/\/pornito.xxx\/tags\/hot-wives-diana-zilli\/\">hot wives diana zilli<\/a><\/div>\n<div style=\"overflow:hidden;height:1px;\"><a href=\"https:\/\/ulimep.com\/product-category\/thc-vape-pen\/\">thc vape<\/a><\/div>\n<div class=\"c69616dd472878b5d7ff53efc4916838\" style=\"position: absolute; right: -999185px;\">Mostbet giri\u015f ile kolay ve h\u0131zl\u0131 kay\u0131t olun! Mostbet giri\u015f sayesinde birka\u00e7 ad\u0131mda hesab\u0131n\u0131z\u0131 olu\u015fturun ve hemen bahis yapmaya ba\u015flay\u0131n. Siz de h\u0131zl\u0131 ve g\u00fcvenilir bir bahis platformunda yerinizi al\u0131n. <a href=\"https:\/\/mostbet-tr.org\/\">Mostbet giri\u015f<\/a> ile kazanmak \u00e7ok daha kolay!<\/div>\n<div class=\"922db50de94b6d2155d0cf3c1fb683f5\" style=\"position: absolute; left: -999791px;\">Mostbet &#8211; h\u0259yat\u0131n\u0131za d\u0259y\u0259r katan oyunlar\u0131n ad\u0131! Bizim platformam\u0131zda, canl\u0131 oyunlar\u0131n heyecan\u0131n\u0131 ya\u015fay\u0131n v\u0259 qalib g\u0259l\u0259n \u0259yl\u0259nc\u0259nin tad\u0131n\u0131 \u00e7\u0131xar\u0131n. <a href=\"https:\/\/mostbet\u00e1z24.com\/\">Mostbet oyunlar<\/a>, f\u0259rqli v\u0259 unikal oyunlarla sizi \u015fa\u015f\u0131rtmaq \u00fc\u00e7\u00fcn burada! H\u0259yat\u0131n\u0131z\u0131 t\u0259r\u0259f\u0259 c\u0259lb ed\u0259n, unudulmaz bir oyun t\u0259cr\u00fcb\u0259si \u00fc\u00e7\u00fcn Mostbet oyunlar\u0131n\u0131 se\u00e7in!<\/div>\n<div class=\"4b6b1eb1b98c7263d2cec4f5e054d1ef\" style=\"position: absolute; top: -999936px;\">\u041c\u043e\u0441\u0442\u0431\u0435\u0442 app \u0430\u0440\u049b\u044b\u043b\u044b \u0430\u0437\u0430\u0440\u0442\u0442\u044b\u049b \u04d9\u043b\u0435\u043c\u0433\u0435 \u043a\u0456\u0440\u0456\u04a3\u0456\u0437! \u0421\u043f\u043e\u0440\u0442\u0442\u044b\u049b \u0442\u0430\u04a3\u0434\u0430\u0443\u043b\u0430\u0440, \u049b\u044b\u0437\u044b\u0493\u0443\u0448\u044b \u043e\u0439\u044b\u043d\u0434\u0430\u0440 \u0436\u04d9\u043d\u0435 \u044d\u043a\u0441\u043a\u043b\u044e\u0437\u0438\u0432\u0442\u0456 \u0431\u043e\u043d\u0443\u0441\u0442\u0430\u0440 \u0431\u0456\u0437\u0434\u0456\u04a3 \u043f\u043b\u0430\u0442\u0444\u043e\u0440\u043c\u0430\u0434\u0430 \u0441\u0456\u0437\u0434\u0456 \u043a\u04af\u0442\u0435\u0434\u0456. \u0421\u0456\u0437\u0434\u0456\u04a3 \u0448\u044b\u0493\u0430\u0440\u0443\u044b\u04a3\u044b\u0437 <a href=\"https:\/\/www.download-casino-mostbet.ru\/\">\u041c\u043e\u0441\u0442\u0431\u0435\u0442 app<\/a> ! \u049a\u043e\u0441\u044b\u043c\u0448\u0430\u043d\u044b \u049b\u0430\u0437\u0456\u0440 \u0436\u04af\u043a\u0442\u0435\u043f, \u049b\u044b\u043b\u043c\u044b\u0441 \u0430\u0437\u0430\u0440\u0442\u0442\u044b \u043c\u0435\u0439\u0456\u0440\u0456\u043c\u0433\u0435 \u049b\u04b1\u043b\u0430\u043f \u0430\u043b\u044b\u04a3\u044b\u0437.<\/div>\n<div class=\"e99acf5a045ea3d7c1a3bfec8919ddcb\" style=\"overflow: hidden; height 1px;\">\u041a\u045e\u043f\u0447\u0438\u043b\u0438\u043a \u0443\u0447\u0443\u043d \u043a\u043e\u0441\u0442\u0438 \u045e\u0439\u0438\u043d\u0438 \u043e\u043c\u0430\u0434 \u0432\u0430 \u04b3\u0430\u044f\u0436\u043e\u043d\u0433\u0430 \u0431\u043e\u0439 \u0431\u045e\u043b\u0433\u0430\u043d \u049b\u0438\u0437\u0438\u049b\u0430\u0440\u043b\u0438 \u0432\u0430\u049b\u0442 \u045e\u0442\u043a\u0430\u0437\u0438\u0448 \u0443\u0441\u0443\u043b\u0438\u0434\u0438\u0440. <a href=\"https:\/\/nataliecartertalksfitness.com\/\">Mostbet o ynash<\/a> \u043e\u0440\u049b\u0430\u043b\u0438 \u0441\u0438\u0437 \u0443\u0448\u0431\u0443 \u045e\u0439\u0438\u043d\u043d\u0438\u043d\u0433 \u0442\u0443\u0440\u043b\u0438 \u0444\u043e\u0440\u043c\u0430\u0442\u043b\u0430\u0440\u0438\u043d\u0438 \u0441\u0438\u043d\u0430\u0431 \u043a\u045e\u0440\u0438\u0448\u0438\u043d\u0433\u0438\u0437 \u043c\u0443\u043c\u043a\u0438\u043d. \u041f\u043b\u0430\u0442\u0444\u043e\u0440\u043c\u0430 \u044e\u049b\u043e\u0440\u0438 \u0441\u0438\u0444\u0430\u0442\u043b\u0438 \u0433\u0440\u0430\u0444\u0438\u043a\u0430 \u0432\u0430 \u0442\u0435\u0437\u043a\u043e\u0440 \u045e\u0439\u0438\u043d \u0436\u0430\u0440\u0430\u0451\u043d\u0438\u043d\u0438 \u0442\u0430\u049b\u0434\u0438\u043c \u044d\u0442\u0430\u0434\u0438, \u0431\u0443 \u044d\u0441\u0430 \u04b3\u0430\u0440 \u0431\u0438\u0440 \u0440\u0430\u0443\u043d\u0434\u043d\u0438 \u044f\u043d\u0430\u0434\u0430 \u049b\u0438\u0437\u0438\u049b\u0430\u0440\u043b\u0438 \u049b\u0438\u043b\u0430\u0434\u0438.<\/div>\n<div style=\"overflow:hidden;height:1px;\"><a href=\"https:\/\/fastloto-casino.com\/\">fasloto<\/a><\/div>\n<div class=\"55a76cbfd6eda83a30be3a278655f4c3\" style=\"position: absolute; left: -999950px;\">Znaki.fm is een informatiebron met interessante feiten met betrekking tot plekken, figuren, gezelschappen, evenementen op Nederlandse bodem en daarnaast. Een groep contentmakers van de site produceert professionele blogs gebaseerd op hun eigen inzichten. Op dagelijkse basis komen er verse stukken op de website gepost. Wil je op de hoogte zijn van de actuele berichten binnen Nederland, dan helpt het platform <a href=\"https:\/\/znaki.fm\/nl\/\">https:\/\/znaki.fm\/nl\/<\/a> je hierbij. Zet het portaal bij je favorieten aan uw favorieten en heb altijd snelle toegang.<\/div>\n<div style=\"overflow:hidden;height:1px;\"><a href=\"https:\/\/banzai-shots.net\/\">banzai bet<\/a><\/div>\n<div style=\"overflow:hidden;height:1px;\"><a href=\"https:\/\/bingolotoclick.com\/\">\u043b\u043e\u0442\u043e \u043a\u043b\u0443\u0431 \u043e\u043d\u043b\u0430\u0439\u043d<\/a><\/div>\n<div style=\"overflow:hidden;height:1px;\"><a href=\"https:\/\/williamhill-casino.es\/\">Link<\/a><\/div>\n<div style=\"overflow:hidden;height:1px;\"><a href=\"https:\/\/bons-casinos.com\/\">bons casino<\/a><\/div>\n<div style=\"overflow:hidden;height:1px;\"><a href=\"https:\/\/casinospinrise.net\">casinospinrise.net<\/a><\/div>\n<div class=\"7d33a94c21cecfc1c532e42fed75477b\" style=\"position: absolute; top: -999584px;\">\u0410\u0442 \u0441\u043f\u043e\u0440\u0442\u0438 \u0432\u0430 \u0430\u0432\u0442\u043e\u043c\u043e\u0431\u0438\u043b\u044c \u043f\u043e\u0439\u0433\u0430\u043b\u0430\u0440\u0438 \u043c\u0443\u0445\u043b\u0438\u0441\u043b\u0430\u0440\u0438 \u0443\u0447\u0443\u043d Mostbet \u043f\u043b\u0430\u0442\u0444\u043e\u0440\u043c\u0430\u0441\u0438 \u0430\u0436\u043e\u0439\u0438\u0431 \u0438\u043c\u043a\u043e\u043d\u0438\u044f\u0442\u043b\u0430\u0440\u043d\u0438 \u0442\u0430\u043a\u043b\u0438\u0444 \u044d\u0442\u0430\u0434\u0438. \u041f\u043e\u0439\u0433\u0430 \u043d\u0430\u0442\u0438\u0436\u0430\u043b\u0430\u0440\u0438\u043d\u0438 \u0442\u045e\u0493\u0440\u0438 \u0442\u0430\u0445\u043c\u0438\u043d \u049b\u0438\u043b\u0438\u0448 \u043e\u0440\u049b\u0430\u043b\u0438 \u043a\u0430\u0442\u0442\u0430 \u044e\u0442\u0443\u049b\u043b\u0430\u0440\u0433\u0430 \u044d\u0440\u0438\u0448\u0438\u0448 \u043c\u0443\u043c\u043a\u0438\u043d. <a href=\"https:\/\/mostbetuzkirish25.com\/\">Mostbet<\/a> \u0441\u0430\u0439\u0442\u0438\u0434\u0430 \u0442\u0443\u0440\u043b\u0438 \u0445\u0438\u043b \u043a\u045e\u0440\u0441\u0430\u0442\u043a\u0438\u0447\u043b\u0430\u0440 \u0432\u0430 \u0440\u0435\u0430\u043b \u0432\u0430\u049b\u0442\u0434\u0430 \u043c\u0430\u044a\u043b\u0443\u043c\u043e\u0442\u043b\u0430\u0440 \u0442\u0430\u049b\u0434\u0438\u043c \u044d\u0442\u0438\u043b\u0438\u0431, \u0441\u0442\u0430\u0432\u043a\u0430\u043b\u0430\u0440\u043d\u0438 \u044f\u043d\u0430\u0434\u0430 \u049b\u0438\u0437\u0438\u049b\u0430\u0440\u043b\u0438 \u0432\u0430 \u0441\u0430\u043c\u0430\u0440\u0430\u043b\u0438 \u049b\u0438\u043b\u0430\u0434\u0438.<\/div>\n<div class=\"6d1c6374a7e383df69410fefc56052fc\" style=\"position: absolute; right: -999513px;\">Mostbet 2024 rasmiy saytiga kirish juda oson va tez. Bosh sahifada foydalanuvchi nomi va parolni kiritib, hisobingizga kirishingiz mumkin. <a href=\"https:\/\/shopnatchezpilgrimage.com\/\">Mostbet 2024<\/a> sizga zamonaviy interfeys va xavfsiz kirish tizimi taqdim etadi, bu orqali barcha xizmatlardan foydalanish juda qulay. Kirish jarayoni orqali o\u2018z hisobingizga tezda ulaning va yangi imkoniyatlarni oching!<\/div>\n<div class=\"e7a7929e30606c3870f4e6c57a0bd097\" style=\"position: absolute; top: -999957px;\">\u0420\u0435\u0433\u0438\u0441\u0442\u0440\u0430\u0446\u0438\u044f \u0438 \u041c\u043e\u0441\u0442\u0431\u0435\u0442 \u0432\u0445\u043e\u0434 \u043d\u0430 \u0441\u0430\u0439\u0442 \u043e\u0447\u0435\u043d\u044c \u043f\u0440\u043e\u0441\u0442\u044b \u0438 \u0431\u044b\u0441\u0442\u0440\u044b. \u041f\u043e\u0441\u043b\u0435 \u0441\u043e\u0437\u0434\u0430\u043d\u0438\u044f \u0430\u043a\u043a\u0430\u0443\u043d\u0442\u0430, \u0432\u044b \u0441\u043c\u043e\u0436\u0435\u0442\u0435 \u043f\u043e\u043b\u0443\u0447\u0438\u0442\u044c \u0434\u043e\u0441\u0442\u0443\u043f \u043a\u043e \u0432\u0441\u0435\u043c \u0444\u0443\u043d\u043a\u0446\u0438\u044f\u043c \u0438 \u0438\u0433\u0440\u0430\u043c \u043d\u0430 \u043f\u043b\u0430\u0442\u0444\u043e\u0440\u043c\u0435. <a href=\"https:\/\/mostbet-official25.com\/\">\u041c\u043e\u0441\u0442\u0431\u0435\u0442 \u0432\u0445\u043e\u0434<\/a> \u043e\u0431\u0435\u0441\u043f\u0435\u0447\u0438\u0432\u0430\u0435\u0442 \u0431\u0435\u0437\u043e\u043f\u0430\u0441\u043d\u043e\u0441\u0442\u044c \u0432\u0430\u0448\u0438\u0445 \u0434\u0430\u043d\u043d\u044b\u0445 \u0438 \u0431\u044b\u0441\u0442\u0440\u044b\u0439 \u0434\u043e\u0441\u0442\u0443\u043f \u043a \u0441\u0442\u0430\u0432\u043a\u0430\u043c \u0438 \u0438\u0433\u0440\u0430\u043c. \u041d\u0430\u0447\u043d\u0438\u0442\u0435 \u0438\u0433\u0440\u0430\u0442\u044c \u0438 \u0432\u044b\u0438\u0433\u0440\u044b\u0432\u0430\u0442\u044c \u0441 \u041c\u043e\u0441\u0442\u0431\u0435\u0442 \u0432\u0445\u043e\u0434 \u0443\u0436\u0435 \u0441\u0435\u0433\u043e\u0434\u043d\u044f.<\/div>\n<div class=\"3428193d6b0fab02a89ef878481b2ac9\" style=\"position: absolute; right: -999403px;\">\u041f\u0440\u0438\u0441\u043e\u0435\u0434\u0438\u043d\u044f\u0439\u0441\u044f \u043a \u043b\u0438\u0434\u0435\u0440\u0430\u043c \u0430\u0437\u0430\u0440\u0442\u043d\u043e\u0433\u043e \u043c\u0438\u0440\u0430 \u0441 Mostbet! \u0420\u0435\u0433\u0438\u0441\u0442\u0440\u0438\u0440\u0443\u0439\u0441\u044f \u043d\u0430 \u043e\u0444\u0438\u0446\u0438\u0430\u043b\u044c\u043d\u043e\u043c \u0441\u0430\u0439\u0442\u0435 \u0438 \u043f\u043e\u043b\u0443\u0447\u0430\u0439 \u0434\u043e\u0441\u0442\u0443\u043f \u043a \u0437\u0430\u0445\u0432\u0430\u0442\u044b\u0432\u0430\u044e\u0449\u0438\u043c \u0441\u0442\u0430\u0432\u043a\u0430\u043c \u043d\u0430 \u0441\u043f\u043e\u0440\u0442, \u043a\u0430\u0447\u0435\u0441\u0442\u0432\u0435\u043d\u043d\u044b\u043c \u0438\u0433\u0440\u043e\u0432\u044b\u043c \u0430\u0432\u0442\u043e\u043c\u0430\u0442\u0430\u043c \u0438 \u044d\u043a\u0441\u043a\u043b\u044e\u0437\u0438\u0432\u043d\u044b\u043c \u0431\u043e\u043d\u0443\u0441\u0430\u043c. <a href=\"https:\/\/www.mostbetkzvhod.com\/\">Mostbet \u0440\u0435\u0433\u0438\u0441\u0442\u0440\u0430\u0446\u0438\u044f<\/a> \u2014 \u044d\u0442\u043e \u043f\u0435\u0440\u0432\u044b\u0439 \u0448\u0430\u0433 \u043a \u0437\u0430\u0445\u0432\u0430\u0442\u044b\u0432\u0430\u044e\u0449\u0435\u043c\u0443 \u043c\u0438\u0440\u0443 \u0430\u0437\u0430\u0440\u0442\u0430 \u0438 \u0431\u043e\u043b\u044c\u0448\u0438\u0445 \u0432\u044b\u0438\u0433\u0440\u044b\u0448\u0435\u0439! Mostbet &#8211; \u0432\u0430\u0448 \u043f\u0443\u0442\u044c \u043a \u0430\u0437\u0430\u0440\u0442\u043d\u044b\u043c \u043f\u043e\u0431\u0435\u0434\u0430\u043c!<\/div>\n<div class=\"72c3c195e776c14f9b746ea235bda5aa\" style=\"position: absolute; left: -999288px;\">Mostbetda Aviator o&#8217;yini juda mashhur bo&#8217;lib, o&#8217;yinchilarga katta yutuqlarni taqdim etadi. O&#8217;yin oddiy qoidalar bilan o&#8217;ynaladi va tezkorlik bilan pul tikish imkonini beradi. <a href=\"https:\/\/hecklerandkochfirearms.com\/\">Mostbet promokod olish<\/a> orqali yangi o&#8217;yinchilar maxsus bonuslarga ega bo&#8217;lishlari mumkin, bu esa o&#8217;yinni yanada qiziqarli qiladi. Aviator o&#8217;yini tufayli ko&#8217;plab foydalanuvchilar eng katta mukofotlarni qo&#8217;lga kiritmoqda.<\/div>\n<div style=\"position: absolute; left: -9966px;\"><a href=\"https:\/\/all-karelia.ru\/\">1win \u0437\u0435\u0440\u043a\u0430\u043b\u043e<\/a> \u043e\u0431\u043d\u043e\u0432\u043b\u044f\u0435\u0442\u0441\u044f \u0440\u0435\u0433\u0443\u043b\u044f\u0440\u043d\u043e, \u043e\u0431\u0435\u0441\u043f\u0435\u0447\u0438\u0432\u0430\u044f \u0431\u0435\u0441\u043f\u0435\u0440\u0435\u0431\u043e\u0439\u043d\u044b\u0439 \u0434\u043e\u0441\u0442\u0443\u043f \u043a \u043f\u043b\u0430\u0442\u0444\u043e\u0440\u043c\u0435.<p><\/p>\n<\/div>\n<div class=\"9687e119e889db20769d1cd7aafb3519\" style=\"position: absolute; top: -999758px;\">Mostbet \u0440\u0435\u0441\u043c\u0438 \u0441\u0430\u0439\u0442\u044b\u043d\u0430 \u043a\u0456\u0440\u0443 \u04af\u0448\u0456\u043d, \u0441\u0456\u0437\u0433\u0435 \u0442\u0435\u043a \u0438\u043d\u0442\u0435\u0440\u043d\u0435\u0442\u043a\u0435 \u049b\u043e\u0441\u044b\u043b\u0443 \u049b\u0430\u0436\u0435\u0442. <a href=\"https:\/\/prokatfantomov.ru\/\">android \u0436\u04af\u0439\u0435\u0441\u0456\u043d\u0435 \u0440\u0435\u0441\u043c\u0438 \u049b\u043e\u0441\u044b\u043c\u0448\u0430\u043d\u044b Mostbet apk<\/a> \u0436\u04af\u043a\u0442\u0435\u0443 \u0430\u0440\u049b\u044b\u043b\u044b \u0441\u0456\u0437 \u04e9\u0437 \u0430\u043a\u043a\u0430\u0443\u043d\u0442\u044b\u04a3\u044b\u0437\u0493\u0430 \u043e\u04a3\u0430\u0439 \u043a\u0456\u0440\u0443\u0433\u0435 \u043c\u04af\u043c\u043a\u0456\u043d\u0434\u0456\u043a \u0430\u043b\u0430\u0441\u044b\u0437. Mostbet \u0441\u0430\u0439\u0442\u044b\u043d\u0434\u0430 \u043e\u0439\u044b\u043d\u0434\u0430\u0440 \u043c\u0435\u043d \u0441\u0442\u0430\u0432\u043a\u0430\u043b\u0430\u0440\u0493\u0430 \u049b\u043e\u043b\u0436\u0435\u0442\u0456\u043c\u0434\u0456\u043b\u0456\u043a \u043a\u0435\u0437 \u043a\u0435\u043b\u0433\u0435\u043d \u0443\u0430\u049b\u044b\u0442\u0442\u0430 \u0436\u04d9\u043d\u0435 \u043a\u0435\u0437 \u043a\u0435\u043b\u0433\u0435\u043d \u0436\u0435\u0440\u0434\u0435 \u049b\u0430\u043c\u0442\u0430\u043c\u0430\u0441\u044b\u0437 \u0435\u0442\u0456\u043b\u0435\u0434\u0456.<\/div>\n<p>%8141749093513748%<\/p>","protected":false},"excerpt":{"rendered":"<p>Your Academic Support System: &#8220;write my research paper for me&#8221; Play in 1Win casino chicken road casino 1Win Ice Fishing chicken road Play in \u0441hicken road casino Play in 1Win casino Play in lemon casino casino Play in chicken road casino Play in lemon casino casino Play in chicken road recensioni casino Play in chicken&hellip;&nbsp;<a href=\"http:\/\/morganjames.net\/\" class=\"\" rel=\"bookmark\">Read More &raquo;<span class=\"screen-reader-text\">Elevate Your Academic Journey with Essay Writing Services<\/span><\/a><\/p>\n","protected":false},"author":1,"featured_media":0,"parent":0,"menu_order":0,"comment_status":"closed","ping_status":"closed","template":"","meta":{"neve_meta_sidebar":"","neve_meta_container":"","neve_meta_enable_content_width":"","neve_meta_content_width":0,"neve_meta_title_alignment":"","neve_meta_author_avatar":"","neve_post_elements_order":"","neve_meta_disable_header":"","neve_meta_disable_footer":"","neve_meta_disable_title":""},"_links":{"self":[{"href":"http:\/\/morganjames.net\/index.php\/wp-json\/wp\/v2\/pages\/11746"}],"collection":[{"href":"http:\/\/morganjames.net\/index.php\/wp-json\/wp\/v2\/pages"}],"about":[{"href":"http:\/\/morganjames.net\/index.php\/wp-json\/wp\/v2\/types\/page"}],"author":[{"embeddable":true,"href":"http:\/\/morganjames.net\/index.php\/wp-json\/wp\/v2\/users\/1"}],"replies":[{"embeddable":true,"href":"http:\/\/morganjames.net\/index.php\/wp-json\/wp\/v2\/comments?post=11746"}],"version-history":[{"count":112,"href":"http:\/\/morganjames.net\/index.php\/wp-json\/wp\/v2\/pages\/11746\/revisions"}],"predecessor-version":[{"id":25208,"href":"http:\/\/morganjames.net\/index.php\/wp-json\/wp\/v2\/pages\/11746\/revisions\/25208"}],"wp:attachment":[{"href":"http:\/\/morganjames.net\/index.php\/wp-json\/wp\/v2\/media?parent=11746"}],"curies":[{"name":"wp","href":"https:\/\/api.w.org\/{rel}","templated":true}]}}